{"id":41,"date":"2021-07-19T09:38:00","date_gmt":"2021-07-19T09:38:00","guid":{"rendered":"https:\/\/cs.uns.edu.ar\/muestracarrera2021\/wp03\/?page_id=41"},"modified":"2025-08-06T13:29:46","modified_gmt":"2025-08-06T13:29:46","slug":"stand-de-bienvenida","status":"publish","type":"page","link":"https:\/\/muestradecarreras.uns.edu.ar\/wp03\/","title":{"rendered":""},"content":{"rendered":"\n<figure class=\"wp-block-image alignfull size-full\"><img decoding=\"async\" loading=\"lazy\" width=\"9824\" height=\"2331\" src=\"https:\/\/muestradecarreras.uns.edu.ar\/wp03\/wp-content\/uploads\/2025\/06\/banner-web_Mesa-de-trabajo-1-04_Mesa-de-trabajo-1-04.png\" alt=\"\" class=\"wp-image-10937\" srcset=\"https:\/\/muestradecarreras.uns.edu.ar\/wp03\/wp-content\/uploads\/2025\/06\/banner-web_Mesa-de-trabajo-1-04_Mesa-de-trabajo-1-04.png 9824w, https:\/\/muestradecarreras.uns.edu.ar\/wp03\/wp-content\/uploads\/2025\/06\/banner-web_Mesa-de-trabajo-1-04_Mesa-de-trabajo-1-04-300x71.png 300w, https:\/\/muestradecarreras.uns.edu.ar\/wp03\/wp-content\/uploads\/2025\/06\/banner-web_Mesa-de-trabajo-1-04_Mesa-de-trabajo-1-04-1024x243.png 1024w, https:\/\/muestradecarreras.uns.edu.ar\/wp03\/wp-content\/uploads\/2025\/06\/banner-web_Mesa-de-trabajo-1-04_Mesa-de-trabajo-1-04-768x182.png 768w, https:\/\/muestradecarreras.uns.edu.ar\/wp03\/wp-content\/uploads\/2025\/06\/banner-web_Mesa-de-trabajo-1-04_Mesa-de-trabajo-1-04-1536x364.png 1536w, https:\/\/muestradecarreras.uns.edu.ar\/wp03\/wp-content\/uploads\/2025\/06\/banner-web_Mesa-de-trabajo-1-04_Mesa-de-trabajo-1-04-2048x486.png 2048w, https:\/\/muestradecarreras.uns.edu.ar\/wp03\/wp-content\/uploads\/2025\/06\/banner-web_Mesa-de-trabajo-1-04_Mesa-de-trabajo-1-04-1200x285.png 1200w, https:\/\/muestradecarreras.uns.edu.ar\/wp03\/wp-content\/uploads\/2025\/06\/banner-web_Mesa-de-trabajo-1-04_Mesa-de-trabajo-1-04-1980x470.png 1980w\" sizes=\"(max-width: 9824px) 100vw, 9824px\" \/><\/figure>\n\n\n\n<div class=\"wp-block-columns alignwide is-layout-flex wp-container-5 wp-block-columns-is-layout-flex\">\n<div class=\"wp-block-column is-vertically-aligned-top is-layout-flow wp-block-column-is-layout-flow\">\n<h2 class=\"wp-block-heading has-text-align-center\">\u00bfQu\u00e9 est\u00e1s buscando?<\/h2>\n\n\n<form role=\"search\" method=\"get\" action=\"https:\/\/muestradecarreras.uns.edu.ar\/wp03\/\" class=\"wp-block-search__button-outside wp-block-search__icon-button wp-block-search\"><label class=\"wp-block-search__label screen-reader-text\" for=\"wp-block-search__input-1\" >Buscar<\/label><div class=\"wp-block-search__inside-wrapper \"  style=\"width: 610px\"><input class=\"wp-block-search__input\" id=\"wp-block-search__input-1\" placeholder=\"Busca un t\u00e9rmino...\" value=\"\" type=\"search\" name=\"s\" data-rlvlive=\"true\" data-rlvparentel=\"#rlvlive_1\" data-rlvconfig=\"default\" required \/><button aria-label=\"Buscar\" class=\"wp-block-search__button has-icon wp-element-button\" type=\"submit\" ><svg class=\"search-icon\" viewBox=\"0 0 24 24\" width=\"24\" height=\"24\">\n\t\t\t\t\t<path d=\"M13 5c-3.3 0-6 2.7-6 6 0 1.4.5 2.7 1.3 3.7l-3.8 3.8 1.1 1.1 3.8-3.8c1 .8 2.3 1.3 3.7 1.3 3.3 0 6-2.7 6-6S16.3 5 13 5zm0 10.5c-2.5 0-4.5-2-4.5-4.5s2-4.5 4.5-4.5 4.5 2 4.5 4.5-2 4.5-4.5 4.5z\"><\/path>\n\t\t\t\t<\/svg><\/button><\/div><span class=\"relevanssi-live-search-instructions\">Cuando hay resultados autocompletados, puedes utilizar las flechas de arriba y abajo para revisarlos y Enter para ir a la p\u00e1gina deseada. Lo usuarios de dispositivos t\u00e1ctiles exploran al tacto con gestos de desplazamiento.<\/span><div id=\"rlvlive_1\"><\/div><\/form>\n\n\n<div class=\"wp-block-buttons is-content-justification-center is-layout-flex wp-container-2 wp-block-buttons-is-layout-flex\">\n<div class=\"wp-block-button has-custom-width wp-block-button__width-50\"><a class=\"wp-block-button__link has-text-align-center wp-element-button\" href=\"https:\/\/muestradecarreras.uns.edu.ar\/wp03\/index.php\/stands\/\">Buscar por instituciones<\/a><\/div>\n<\/div>\n\n\n\n<p><\/p>\n\n\n\n<p>La 33\u00ba Muestra Informativa de Carreras de Nivel Superior, organizada por la Universidad Nacional del Sur,\u00a0\u00a0inaugura para este a\u00f1o 2025 una nueva edici\u00f3n en formato h\u00edbrido. Desde\u00a0el d\u00eda mi\u00e9rcoles 6 de agosto se podr\u00e1 acceder a las actividades de esta plataforma virtual, la que continuar\u00e1 abierta hasta finales de a\u00f1o. Los d\u00edas jueves 7 y viernes 8 de agosto se realizar\u00e1n las actividades presenciales en el Campus de Palihue, de 9 a 18 hs (entrada s\u00f3lo por calle Cabrera).\u00a0<\/p>\n\n\n\n<p>Junto a toda la info sobre la oferta acad\u00e9mica de la UNS y de diversas instituciones p\u00fablicas y privadas de la ciudad; se disfrutar\u00e1 de food trucks, actividades musicales&nbsp; y mucho m\u00e1s.<\/p>\n\n\n\n<p>Los esperamos!!!!!<\/p>\n\n\n\n<figure class=\"wp-block-embed is-type-video is-provider-youtube wp-block-embed-youtube wp-embed-aspect-16-9 wp-has-aspect-ratio\"><div class=\"wp-block-embed__wrapper\">\n<iframe loading=\"lazy\" title=\"Muestra Informativa de Carreras de Nivel Superior\" width=\"580\" height=\"326\" src=\"https:\/\/www.youtube.com\/embed\/tIYaamu4JPA?feature=oembed\" frameborder=\"0\" allow=\"accelerometer; autoplay; clipboard-write; encrypted-media; gyroscope; picture-in-picture; web-share\" referrerpolicy=\"strict-origin-when-cross-origin\" allowfullscreen><\/iframe>\n<\/div><\/figure>\n\n\n\n<h5 class=\"wp-block-heading has-text-align-center\">Seguinos en nuestras redes sociales<\/h5>\n\n\n\n<ul class=\"wp-block-social-links aligncenter items-justified-center is-layout-flex wp-block-social-links-is-layout-flex\"><li class=\"wp-social-link wp-social-link-facebook  wp-block-social-link\"><a rel=\" noopener nofollow\" target=\"_blank\" href=\"https:\/\/www.facebook.com\/search\/top?q=muestra%20informativa%20de%20carreras%20de%20nivel%20superior\" class=\"wp-block-social-link-anchor\"><svg width=\"24\" height=\"24\" viewBox=\"0 0 24 24\" version=\"1.1\" xmlns=\"http:\/\/www.w3.org\/2000\/svg\" aria-hidden=\"true\" focusable=\"false\"><path d=\"M12 2C6.5 2 2 6.5 2 12c0 5 3.7 9.1 8.4 9.9v-7H7.9V12h2.5V9.8c0-2.5 1.5-3.9 3.8-3.9 1.1 0 2.2.2 2.2.2v2.5h-1.3c-1.2 0-1.6.8-1.6 1.6V12h2.8l-.4 2.9h-2.3v7C18.3 21.1 22 17 22 12c0-5.5-4.5-10-10-10z\"><\/path><\/svg><span class=\"wp-block-social-link-label screen-reader-text\">Facebook<\/span><\/a><\/li>\n\n<li class=\"wp-social-link wp-social-link-mail  wp-block-social-link\"><a rel=\" noopener nofollow\" target=\"_blank\" href=\"mailto:doe.mic30@gmail.com\" class=\"wp-block-social-link-anchor\"><svg width=\"24\" height=\"24\" viewBox=\"0 0 24 24\" version=\"1.1\" xmlns=\"http:\/\/www.w3.org\/2000\/svg\" aria-hidden=\"true\" focusable=\"false\"><path d=\"M19,5H5c-1.1,0-2,.9-2,2v10c0,1.1.9,2,2,2h14c1.1,0,2-.9,2-2V7c0-1.1-.9-2-2-2zm.5,12c0,.3-.2.5-.5.5H5c-.3,0-.5-.2-.5-.5V9.8l7.5,5.6,7.5-5.6V17zm0-9.1L12,13.6,4.5,7.9V7c0-.3.2-.5.5-.5h14c.3,0,.5.2.5.5v.9z\"><\/path><\/svg><span class=\"wp-block-social-link-label screen-reader-text\">Mail<\/span><\/a><\/li>\n\n<li class=\"wp-social-link wp-social-link-chain  wp-block-social-link\"><a rel=\" noopener nofollow\" target=\"_blank\" href=\"http:\/\/www.uns.edu.ar\/escuelas\/cems\/21\/8_11#departamento-de-orientacion-educacional\" class=\"wp-block-social-link-anchor\"><svg width=\"24\" height=\"24\" viewBox=\"0 0 24 24\" version=\"1.1\" xmlns=\"http:\/\/www.w3.org\/2000\/svg\" aria-hidden=\"true\" focusable=\"false\"><path d=\"M15.6,7.2H14v1.5h1.6c2,0,3.7,1.7,3.7,3.7s-1.7,3.7-3.7,3.7H14v1.5h1.6c2.8,0,5.2-2.3,5.2-5.2,0-2.9-2.3-5.2-5.2-5.2zM4.7,12.4c0-2,1.7-3.7,3.7-3.7H10V7.2H8.4c-2.9,0-5.2,2.3-5.2,5.2,0,2.9,2.3,5.2,5.2,5.2H10v-1.5H8.4c-2,0-3.7-1.7-3.7-3.7zm4.6.9h5.3v-1.5H9.3v1.5z\"><\/path><\/svg><span class=\"wp-block-social-link-label screen-reader-text\">Link<\/span><\/a><\/li><\/ul>\n<\/div>\n<\/div>\n\n\n<div class=\"wp-block-image\">\n<figure class=\"aligncenter size-full is-resized\"><a href=\"https:\/\/radio.uns.edu.ar\/\"><img decoding=\"async\" loading=\"lazy\" src=\"https:\/\/muestradecarreras.uns.edu.ar\/wp03\/wp-content\/uploads\/2021\/09\/radiouns-3.png\" alt=\"\" class=\"wp-image-4631\" style=\"width:492px;height:59px\" width=\"492\" height=\"59\" srcset=\"https:\/\/muestradecarreras.uns.edu.ar\/wp03\/wp-content\/uploads\/2021\/09\/radiouns-3.png 1001w, https:\/\/muestradecarreras.uns.edu.ar\/wp03\/wp-content\/uploads\/2021\/09\/radiouns-3-300x36.png 300w, https:\/\/muestradecarreras.uns.edu.ar\/wp03\/wp-content\/uploads\/2021\/09\/radiouns-3-768x93.png 768w\" sizes=\"(max-width: 492px) 100vw, 492px\" \/><\/a><\/figure><\/div>","protected":false},"excerpt":{"rendered":"<p>\u00bfQu\u00e9 est\u00e1s buscando? La 33\u00ba Muestra Informativa de Carreras de Nivel Superior, organizada por la Universidad Nacional del Sur,\u00a0\u00a0inaugura para este a\u00f1o 2025 una nueva edici\u00f3n en formato h\u00edbrido. Desde\u00a0el d\u00eda mi\u00e9rcoles 6 de agosto se podr\u00e1 acceder a las actividades de esta plataforma virtual, la que continuar\u00e1 abierta hasta finales de a\u00f1o. Los d\u00edas [&hellip;]<\/p>\n","protected":false},"author":71,"featured_media":5571,"parent":0,"menu_order":0,"comment_status":"closed","ping_status":"closed","template":"templates\/template-full-width.php","meta":{"footnotes":""},"_links":{"self":[{"href":"https:\/\/muestradecarreras.uns.edu.ar\/wp03\/index.php\/wp-json\/wp\/v2\/pages\/41"}],"collection":[{"href":"https:\/\/muestradecarreras.uns.edu.ar\/wp03\/index.php\/wp-json\/wp\/v2\/pages"}],"about":[{"href":"https:\/\/muestradecarreras.uns.edu.ar\/wp03\/index.php\/wp-json\/wp\/v2\/types\/page"}],"author":[{"embeddable":true,"href":"https:\/\/muestradecarreras.uns.edu.ar\/wp03\/index.php\/wp-json\/wp\/v2\/users\/71"}],"replies":[{"embeddable":true,"href":"https:\/\/muestradecarreras.uns.edu.ar\/wp03\/index.php\/wp-json\/wp\/v2\/comments?post=41"}],"version-history":[{"count":156,"href":"https:\/\/muestradecarreras.uns.edu.ar\/wp03\/index.php\/wp-json\/wp\/v2\/pages\/41\/revisions"}],"predecessor-version":[{"id":12074,"href":"https:\/\/muestradecarreras.uns.edu.ar\/wp03\/index.php\/wp-json\/wp\/v2\/pages\/41\/revisions\/12074"}],"wp:featuredmedia":[{"embeddable":true,"href":"https:\/\/muestradecarreras.uns.edu.ar\/wp03\/index.php\/wp-json\/wp\/v2\/media\/5571"}],"wp:attachment":[{"href":"https:\/\/muestradecarreras.uns.edu.ar\/wp03\/index.php\/wp-json\/wp\/v2\/media?parent=41"}],"curies":[{"name":"wp","href":"https:\/\/api.w.org\/{rel}","templated":true}]}}