{"id":9,"date":"2021-07-18T15:08:24","date_gmt":"2021-07-18T15:08:24","guid":{"rendered":"https:\/\/cs.uns.edu.ar\/muestracarrera2021\/wp03\/?page_id=9"},"modified":"2025-06-21T23:15:21","modified_gmt":"2025-06-21T23:15:21","slug":"acerca-de","status":"publish","type":"page","link":"https:\/\/muestradecarreras.uns.edu.ar\/wp03\/index.php\/acerca-de\/","title":{"rendered":"Acerca de"},"content":{"rendered":"\n<h2 class=\"wp-block-heading has-text-color\" style=\"color:#131e1e\">Acerca de la Muestra Informativa de Carreras de Nivel Superor<\/h2>\n\n\n\n<p>En el a\u00f1o 1993, en la ciudad de Bah\u00eda Blanca, el Departamento de&nbsp;Orientaci\u00f3n Educacional de las Escuelas Medias, dependiente del CEMS y&nbsp;de la Universidad Nacional del Sur, puso en marcha una Propuesta&nbsp;Educativa de Extensi\u00f3n, organizando una muestra informativa sobre las&nbsp;distintas carreras de nivel terciario y\/o superior que se dictaban en&nbsp;Universidades e Institutos de la ciudad, tanto en el \u00e1mbito estatal&nbsp;como privado.<\/p>\n\n\n\n<p>Si bien esta propuesta destinada a brindar informaci\u00f3n&nbsp;y\/o asesoramiento a los estudiantes de los \u00faltimos a\u00f1os de la Educaci\u00f3n Secundaria formaba parte de la estrategia de intervenci\u00f3n en&nbsp;la Orientaci\u00f3n Vocacional que desde este Departamento se implementaba,&nbsp;se convirti\u00f3 con el tiempo en un punto de referencia, no s\u00f3lo para los&nbsp;j\u00f3venes de las EMUNS, sino tambi\u00e9n para los de otros establecimientos&nbsp;locales y de la regi\u00f3n. La finalidad principal&nbsp; era que los&nbsp; futuros&nbsp;egresados de la escuela secundaria, en pos de construir su identidad&nbsp;profesional y\/o laboral,&nbsp; pudieran disponer de la informaci\u00f3n&nbsp;pertinente para relacionarla con sus propios intereses y aptitudes.<\/p>\n\n\n\n<p>En la actualidad, a pesar de los cambios&nbsp;hist\u00f3rico-culturales-sociales y de las innovaciones tecnol\u00f3gicas en&nbsp;el acceso a la informaci\u00f3n y al conocimiento, esta Muestra de Carreras&nbsp;&nbsp; contin\u00faa siendo un espacio significativo y de referencia para los&nbsp;estudiantes que a\u00f1o tras a\u00f1o responden a esta convocatoria Creemos que&nbsp;para elegir una posible carrera hay que detenerse a pensar y pensarse&nbsp;en relaci\u00f3n a los propios intereses, habilidades, aptitudes,&nbsp;posibilidades, proyectos. El estar en contacto con el otro, el di\u00e1logo&nbsp;e&nbsp; intercambio son instancias necesarias que favorecen una toma de&nbsp;decisi\u00f3n m\u00e1s acertada, sobre todo en este contexto socio-hist\u00f3rico en&nbsp;que crecen las ofertas de estudio, mientras que, paralelamente,&nbsp;aumenta la incertidumbre frente a la elecci\u00f3n de una carrera de nivel&nbsp;superior. A\u00f1o a a\u00f1o se ha constituido en un encuentro presencial y din\u00e1mico. En la actualidad, es un evento esperado por los estudiantes&nbsp;en los \u00faltimos a\u00f1os de las escuelas secundarias de Bah\u00eda Blanca y la&nbsp;zona.<\/p>\n\n\n\n<p>Observamos que con el tiempo cambiaron las maneras de&nbsp;mirar la Muestra desde la comunidad educativa toda: la organizaci\u00f3n y&nbsp;su construcci\u00f3n implican elaborados y complejos procesos de&nbsp;participaci\u00f3n&nbsp; y compromiso.<\/p>\n\n\n\n<p>Hoy, como hace tantos a\u00f1os, desde la Universidad del&nbsp;Sur, queremos dar respuestas a nuestros j\u00f3venes: entendemos que el acercamiento concreto a un futuro posible se hace y se construye solo&nbsp;con el acercamiento al otro en situaci\u00f3n, explicando su labor,&nbsp;generando preguntas, informando&nbsp; y acompa\u00f1ando.<\/p>\n\n\n\n<h2 class=\"wp-block-heading has-text-color\" style=\"color:#131e1e\">Acerca del sitio web<\/h2>\n\n\n\n<p>Este sitio fue dise\u00f1ado y desarrollado por el Departamento de Ciencias e Ingenier\u00eda de la Computaci\u00f3n (DCIC) de la Universidad Nacional del Sur a pedido de la Secretar\u00eda General Acad\u00e9mica.<\/p>\n\n\n\n<p>Quienes trabajaron en este proyecto fueron:<\/p>\n\n\n\n<p> Carolina Siracusa, alumna de la carrera de Ingenier\u00eda en Sistemas de Informaci\u00f3n del DCIC. <\/p>\n\n\n\n<p> Eliana Kohon, alumna de la carrera de Ingenier\u00eda en Sistemas de Informaci\u00f3n del DCIC.&nbsp; <\/p>\n\n\n\n<p>Branco Martinez Carpineti, alumno de la carrera de Ingenier\u00eda en Sistemas de Informaci\u00f3n del DCIC.<\/p>\n\n\n\n<p>Lourdes Panzone, alumna de la carrera de Ingenier\u00eda en Sistemas de Informaci\u00f3n del DCIC<\/p>\n\n\n\n<p>Mart\u00edn Larrea, Secretar\u00edo de Relaciones Institucionales del DCIC.<\/p>\n\n\n\n<p>Andr\u00e9s Salamanca, Ingeniero en Computaci\u00f3n y T\u00e9cnico del DCIC.  <\/p>\n","protected":false},"excerpt":{"rendered":"<p>Acerca de la Muestra Informativa de Carreras de Nivel Superor En el a\u00f1o 1993, en la ciudad de Bah\u00eda Blanca, el Departamento de&nbsp;Orientaci\u00f3n Educacional de las Escuelas Medias, dependiente del CEMS y&nbsp;de la Universidad Nacional del Sur, puso en marcha una Propuesta&nbsp;Educativa de Extensi\u00f3n, organizando una muestra informativa sobre las&nbsp;distintas carreras de nivel terciario y\/o [&hellip;]<\/p>\n","protected":false},"author":1,"featured_media":0,"parent":0,"menu_order":0,"comment_status":"closed","ping_status":"closed","template":"","meta":{"footnotes":""},"_links":{"self":[{"href":"https:\/\/muestradecarreras.uns.edu.ar\/wp03\/index.php\/wp-json\/wp\/v2\/pages\/9"}],"collection":[{"href":"https:\/\/muestradecarreras.uns.edu.ar\/wp03\/index.php\/wp-json\/wp\/v2\/pages"}],"about":[{"href":"https:\/\/muestradecarreras.uns.edu.ar\/wp03\/index.php\/wp-json\/wp\/v2\/types\/page"}],"author":[{"embeddable":true,"href":"https:\/\/muestradecarreras.uns.edu.ar\/wp03\/index.php\/wp-json\/wp\/v2\/users\/1"}],"replies":[{"embeddable":true,"href":"https:\/\/muestradecarreras.uns.edu.ar\/wp03\/index.php\/wp-json\/wp\/v2\/comments?post=9"}],"version-history":[{"count":21,"href":"https:\/\/muestradecarreras.uns.edu.ar\/wp03\/index.php\/wp-json\/wp\/v2\/pages\/9\/revisions"}],"predecessor-version":[{"id":11015,"href":"https:\/\/muestradecarreras.uns.edu.ar\/wp03\/index.php\/wp-json\/wp\/v2\/pages\/9\/revisions\/11015"}],"wp:attachment":[{"href":"https:\/\/muestradecarreras.uns.edu.ar\/wp03\/index.php\/wp-json\/wp\/v2\/media?parent=9"}],"curies":[{"name":"wp","href":"https:\/\/api.w.org\/{rel}","templated":true}]}}