{"id":9991,"date":"2024-07-31T13:17:17","date_gmt":"2024-07-31T13:17:17","guid":{"rendered":"https:\/\/muestradecarreras.uns.edu.ar\/wp03\/?page_id=9991"},"modified":"2025-08-05T22:18:56","modified_gmt":"2025-08-05T22:18:56","slug":"doe-2","status":"publish","type":"page","link":"https:\/\/muestradecarreras.uns.edu.ar\/wp03\/index.php\/doe-2\/","title":{"rendered":"DOE"},"content":{"rendered":"\n<h2 class=\"wp-block-heading alignfull has-text-align-center has-text-color\" style=\"color:#001589\">Departamento de Orientaci\u00f3n Educacional<\/h2>\n\n\n\n<div style=\"height:14px\" aria-hidden=\"true\" class=\"wp-block-spacer\"><\/div>\n\n\n\n<p class=\"has-normal-font-size\">El Departamento de Orientaci\u00f3n Educacional constituye una unidad t\u00e9cnico &#8211; pedag\u00f3gica que debe contribuir al mejoramiento de los procesos de integraci\u00f3n y crecimiento personal de los y las estudiantes de los Establecimientos Preuniversitarios, planificando y organizando toda actividad que tienda a ese prop\u00f3sito, en acuerdo con cada equipo directivo.<\/p>\n\n\n\n<div style=\"height:20px\" aria-hidden=\"true\" class=\"wp-block-spacer\"><\/div>\n\n\n\n<div class=\"wp-block-media-text alignfull is-stacked-on-mobile is-vertically-aligned-center is-style-default\" style=\"grid-template-columns:52% auto\"><figure class=\"wp-block-media-text__media\"><img decoding=\"async\" loading=\"lazy\" width=\"1024\" height=\"585\" src=\"https:\/\/muestradecarreras.uns.edu.ar\/wp03\/wp-content\/uploads\/2025\/08\/estante-magica-orientador-educacional-1024x585-2.jpg\" alt=\"\" class=\"wp-image-11968 size-full\" srcset=\"https:\/\/muestradecarreras.uns.edu.ar\/wp03\/wp-content\/uploads\/2025\/08\/estante-magica-orientador-educacional-1024x585-2.jpg 1024w, https:\/\/muestradecarreras.uns.edu.ar\/wp03\/wp-content\/uploads\/2025\/08\/estante-magica-orientador-educacional-1024x585-2-300x171.jpg 300w, https:\/\/muestradecarreras.uns.edu.ar\/wp03\/wp-content\/uploads\/2025\/08\/estante-magica-orientador-educacional-1024x585-2-768x439.jpg 768w\" sizes=\"(max-width: 1024px) 100vw, 1024px\" \/><\/figure><div class=\"wp-block-media-text__content\">\n<h2 class=\"wp-block-heading has-text-color\" style=\"color:#000000\"><strong>Dentro de nuestra funciones, est\u00e1n:<\/strong><\/h2>\n\n\n\n<ul>\n<li>Favorecer y coordinar actividades destinadas a promover la integraci\u00f3n de los alumnos y las alumnas ingresantes en todas las escuelas Preuniversitarias de la UNS,<\/li>\n\n\n\n<li>Acompa\u00f1ar las trayectorias educativas de los y las estudiantes, atendiendo toda inquietud en referencia a detecci\u00f3n de dificultades y seguimiento de situaciones individuales o grupales,<\/li>\n\n\n\n<li>Organizar y seleccionar informaci\u00f3n cognitiva y socioafectiva propia el acompa\u00f1amiento individual, a lo largo de su transcurrir escolar.<\/li>\n<\/ul>\n\n\n\n<div style=\"height:30px\" aria-hidden=\"true\" class=\"wp-block-spacer\"><\/div>\n<\/div><\/div>\n\n\n\n<div class=\"wp-block-media-text alignfull has-media-on-the-right is-stacked-on-mobile is-vertically-aligned-center is-style-default\" style=\"grid-template-columns:auto 45%\"><div class=\"wp-block-media-text__content\">\n<h2 class=\"wp-block-heading has-text-color\" style=\"color:#000000\"><strong>Muestra Informativa de Carreras de Nivel Superior<\/strong><\/h2>\n\n\n\n<p class=\"has-text-color\" style=\"color:#636363;font-size:17px;line-height:1.1\">Organizamos anualmente la Muestra Informativa de Carreras de Nivel Superior, con el apoyo sostenido de la UNS. Este proyecto que perdura desde hace m\u00e1s de 3 d\u00e9cadas, comparte los cambios de la sociedad bahiense y actualiza constantemente la oferta educativa de la ciudad para quienes deseen acceder a estudios de nivel superior. Dentro de la MIC, ofrecemos diversas charlas y talleres sobre Orientaci\u00f3n Vocacional.<\/p>\n<\/div><figure class=\"wp-block-media-text__media\"><img decoding=\"async\" loading=\"lazy\" width=\"921\" height=\"565\" src=\"https:\/\/muestradecarreras.uns.edu.ar\/wp03\/wp-content\/uploads\/2025\/08\/480298872_938021905176661_1922354363067220373_n.jpg\" alt=\"\" class=\"wp-image-11971 size-full\" srcset=\"https:\/\/muestradecarreras.uns.edu.ar\/wp03\/wp-content\/uploads\/2025\/08\/480298872_938021905176661_1922354363067220373_n.jpg 921w, https:\/\/muestradecarreras.uns.edu.ar\/wp03\/wp-content\/uploads\/2025\/08\/480298872_938021905176661_1922354363067220373_n-300x184.jpg 300w, https:\/\/muestradecarreras.uns.edu.ar\/wp03\/wp-content\/uploads\/2025\/08\/480298872_938021905176661_1922354363067220373_n-768x471.jpg 768w\" sizes=\"(max-width: 921px) 100vw, 921px\" \/><\/figure><\/div>\n\n\n\n<div style=\"height:39px\" aria-hidden=\"true\" class=\"wp-block-spacer\"><\/div>\n\n\n\n<h3 class=\"wp-block-heading has-text-align-center\">ACTIVIDADES MUESTRA 2025<\/h3>\n\n\n\n<figure class=\"wp-block-gallery aligncenter has-nested-images columns-default is-cropped wp-block-gallery-1 is-layout-flex wp-block-gallery-is-layout-flex\">\n<figure class=\"wp-block-image size-large\"><img decoding=\"async\" loading=\"lazy\" width=\"726\" height=\"1024\" data-id=\"11994\" src=\"https:\/\/muestradecarreras.uns.edu.ar\/wp03\/wp-content\/uploads\/2025\/08\/mic-regina-726x1024.jpg\" alt=\"\" class=\"wp-image-11994\" srcset=\"https:\/\/muestradecarreras.uns.edu.ar\/wp03\/wp-content\/uploads\/2025\/08\/mic-regina-726x1024.jpg 726w, https:\/\/muestradecarreras.uns.edu.ar\/wp03\/wp-content\/uploads\/2025\/08\/mic-regina-213x300.jpg 213w, https:\/\/muestradecarreras.uns.edu.ar\/wp03\/wp-content\/uploads\/2025\/08\/mic-regina-768x1083.jpg 768w, https:\/\/muestradecarreras.uns.edu.ar\/wp03\/wp-content\/uploads\/2025\/08\/mic-regina-1090x1536.jpg 1090w, https:\/\/muestradecarreras.uns.edu.ar\/wp03\/wp-content\/uploads\/2025\/08\/mic-regina-1200x1692.jpg 1200w, https:\/\/muestradecarreras.uns.edu.ar\/wp03\/wp-content\/uploads\/2025\/08\/mic-regina.jpg 1240w\" sizes=\"(max-width: 726px) 100vw, 726px\" \/><\/figure>\n\n\n\n<figure class=\"wp-block-image size-large\"><img decoding=\"async\" loading=\"lazy\" width=\"726\" height=\"1024\" data-id=\"11991\" src=\"https:\/\/muestradecarreras.uns.edu.ar\/wp03\/wp-content\/uploads\/2025\/08\/micregi4-726x1024.jpg\" alt=\"\" class=\"wp-image-11991\" srcset=\"https:\/\/muestradecarreras.uns.edu.ar\/wp03\/wp-content\/uploads\/2025\/08\/micregi4-726x1024.jpg 726w, https:\/\/muestradecarreras.uns.edu.ar\/wp03\/wp-content\/uploads\/2025\/08\/micregi4-213x300.jpg 213w, https:\/\/muestradecarreras.uns.edu.ar\/wp03\/wp-content\/uploads\/2025\/08\/micregi4-768x1083.jpg 768w, https:\/\/muestradecarreras.uns.edu.ar\/wp03\/wp-content\/uploads\/2025\/08\/micregi4-1090x1536.jpg 1090w, https:\/\/muestradecarreras.uns.edu.ar\/wp03\/wp-content\/uploads\/2025\/08\/micregi4-1200x1692.jpg 1200w, https:\/\/muestradecarreras.uns.edu.ar\/wp03\/wp-content\/uploads\/2025\/08\/micregi4.jpg 1240w\" sizes=\"(max-width: 726px) 100vw, 726px\" \/><\/figure>\n<\/figure>\n\n\n\n<figure class=\"wp-block-gallery has-nested-images columns-default is-cropped wp-block-gallery-3 is-layout-flex wp-block-gallery-is-layout-flex\">\n<figure class=\"wp-block-image size-large\"><img decoding=\"async\" loading=\"lazy\" width=\"732\" height=\"1024\" data-id=\"11993\" src=\"https:\/\/muestradecarreras.uns.edu.ar\/wp03\/wp-content\/uploads\/2025\/08\/mic-regina-3-732x1024.jpg\" alt=\"\" class=\"wp-image-11993\" srcset=\"https:\/\/muestradecarreras.uns.edu.ar\/wp03\/wp-content\/uploads\/2025\/08\/mic-regina-3-732x1024.jpg 732w, https:\/\/muestradecarreras.uns.edu.ar\/wp03\/wp-content\/uploads\/2025\/08\/mic-regina-3-215x300.jpg 215w, https:\/\/muestradecarreras.uns.edu.ar\/wp03\/wp-content\/uploads\/2025\/08\/mic-regina-3-768x1074.jpg 768w, https:\/\/muestradecarreras.uns.edu.ar\/wp03\/wp-content\/uploads\/2025\/08\/mic-regina-3-1098x1536.jpg 1098w, https:\/\/muestradecarreras.uns.edu.ar\/wp03\/wp-content\/uploads\/2025\/08\/mic-regina-3-1200x1678.jpg 1200w, https:\/\/muestradecarreras.uns.edu.ar\/wp03\/wp-content\/uploads\/2025\/08\/mic-regina-3.jpg 1250w\" sizes=\"(max-width: 732px) 100vw, 732px\" \/><\/figure>\n\n\n\n<figure class=\"wp-block-image size-large\"><img decoding=\"async\" loading=\"lazy\" width=\"732\" height=\"1024\" data-id=\"12031\" src=\"https:\/\/muestradecarreras.uns.edu.ar\/wp03\/wp-content\/uploads\/2025\/08\/miccaro-732x1024.png\" alt=\"\" class=\"wp-image-12031\" srcset=\"https:\/\/muestradecarreras.uns.edu.ar\/wp03\/wp-content\/uploads\/2025\/08\/miccaro-732x1024.png 732w, https:\/\/muestradecarreras.uns.edu.ar\/wp03\/wp-content\/uploads\/2025\/08\/miccaro-215x300.png 215w, https:\/\/muestradecarreras.uns.edu.ar\/wp03\/wp-content\/uploads\/2025\/08\/miccaro-768x1074.png 768w, https:\/\/muestradecarreras.uns.edu.ar\/wp03\/wp-content\/uploads\/2025\/08\/miccaro-1098x1536.png 1098w, https:\/\/muestradecarreras.uns.edu.ar\/wp03\/wp-content\/uploads\/2025\/08\/miccaro-1200x1678.png 1200w, https:\/\/muestradecarreras.uns.edu.ar\/wp03\/wp-content\/uploads\/2025\/08\/miccaro.png 1250w\" sizes=\"(max-width: 732px) 100vw, 732px\" \/><\/figure>\n<\/figure>\n","protected":false},"excerpt":{"rendered":"<p>Departamento de Orientaci\u00f3n Educacional El Departamento de Orientaci\u00f3n Educacional constituye una unidad t\u00e9cnico &#8211; pedag\u00f3gica que debe contribuir al mejoramiento de los procesos de integraci\u00f3n y crecimiento personal de los y las estudiantes de los Establecimientos Preuniversitarios, planificando y organizando toda actividad que tienda a ese prop\u00f3sito, en acuerdo con cada equipo directivo. Muestra Informativa [&hellip;]<\/p>\n","protected":false},"author":5479,"featured_media":0,"parent":0,"menu_order":0,"comment_status":"closed","ping_status":"closed","template":"","meta":{"footnotes":""},"_links":{"self":[{"href":"https:\/\/muestradecarreras.uns.edu.ar\/wp03\/index.php\/wp-json\/wp\/v2\/pages\/9991"}],"collection":[{"href":"https:\/\/muestradecarreras.uns.edu.ar\/wp03\/index.php\/wp-json\/wp\/v2\/pages"}],"about":[{"href":"https:\/\/muestradecarreras.uns.edu.ar\/wp03\/index.php\/wp-json\/wp\/v2\/types\/page"}],"author":[{"embeddable":true,"href":"https:\/\/muestradecarreras.uns.edu.ar\/wp03\/index.php\/wp-json\/wp\/v2\/users\/5479"}],"replies":[{"embeddable":true,"href":"https:\/\/muestradecarreras.uns.edu.ar\/wp03\/index.php\/wp-json\/wp\/v2\/comments?post=9991"}],"version-history":[{"count":22,"href":"https:\/\/muestradecarreras.uns.edu.ar\/wp03\/index.php\/wp-json\/wp\/v2\/pages\/9991\/revisions"}],"predecessor-version":[{"id":12032,"href":"https:\/\/muestradecarreras.uns.edu.ar\/wp03\/index.php\/wp-json\/wp\/v2\/pages\/9991\/revisions\/12032"}],"wp:attachment":[{"href":"https:\/\/muestradecarreras.uns.edu.ar\/wp03\/index.php\/wp-json\/wp\/v2\/media?parent=9991"}],"curies":[{"name":"wp","href":"https:\/\/api.w.org\/{rel}","templated":true}]}}